{"id":24095,"date":"2024-11-05T14:05:18","date_gmt":"2024-11-05T14:05:18","guid":{"rendered":"https:\/\/sheskillsglobal.ch\/test\/"},"modified":"2024-12-19T06:35:29","modified_gmt":"2024-12-19T06:35:29","slug":"test","status":"publish","type":"page","link":"https:\/\/sheskillsglobal.ch\/de\/test\/","title":{"rendered":"Test"},"content":{"rendered":"\t\t<div data-elementor-type=\"wp-page\" data-elementor-id=\"24095\" class=\"elementor elementor-24095\">\n\t\t\t\t\t\t<section class=\"elementor-section elementor-top-section elementor-element elementor-element-7383345 elementor-section-boxed elementor-section-height-default elementor-section-height-default\" data-id=\"7383345\" data-element_type=\"section\" data-e-type=\"section\">\n\t\t\t\t\t\t<div class=\"elementor-container elementor-column-gap-default\">\n\t\t\t\t\t<div class=\"elementor-column elementor-col-25 elementor-top-column elementor-element elementor-element-73ee369\" data-id=\"73ee369\" data-element_type=\"column\" data-e-type=\"column\">\n\t\t\t<div class=\"elementor-widget-wrap elementor-element-populated\">\n\t\t\t\t\t\t<div class=\"elementor-element elementor-element-cd4d0bf elementor-widget elementor-widget-image\" data-id=\"cd4d0bf\" data-element_type=\"widget\" data-e-type=\"widget\" data-widget_type=\"image.default\">\n\t\t\t\t<div class=\"elementor-widget-container\">\n\t\t\t\t\t\t\t\t\t\t\t\t\t\t\t<img decoding=\"async\" width=\"1\" height=\"1\" src=\"https:\/\/sheskillsglobal.ch\/wp-content\/uploads\/2024\/08\/Frame-4.svg\" class=\"attachment-thumbnail size-thumbnail wp-image-21446\" alt=\"\" \/>\t\t\t\t\t\t\t\t\t\t\t\t\t\t\t<\/div>\n\t\t\t\t<\/div>\n\t\t\t\t\t<\/div>\n\t\t<\/div>\n\t\t\t\t<div class=\"elementor-column elementor-col-25 elementor-top-column elementor-element elementor-element-54b8b6c\" data-id=\"54b8b6c\" data-element_type=\"column\" data-e-type=\"column\">\n\t\t\t<div class=\"elementor-widget-wrap elementor-element-populated\">\n\t\t\t\t\t\t<div class=\"elementor-element elementor-element-3548153 elementor-widget elementor-widget-image\" data-id=\"3548153\" data-element_type=\"widget\" data-e-type=\"widget\" data-widget_type=\"image.default\">\n\t\t\t\t<div class=\"elementor-widget-container\">\n\t\t\t\t\t\t\t\t\t\t\t\t\t\t\t<img decoding=\"async\" width=\"1\" height=\"1\" src=\"https:\/\/sheskillsglobal.ch\/wp-content\/uploads\/2024\/10\/Frame-1000001784.svg\" class=\"attachment-thumbnail size-thumbnail wp-image-24046\" alt=\"\" \/>\t\t\t\t\t\t\t\t\t\t\t\t\t\t\t<\/div>\n\t\t\t\t<\/div>\n\t\t\t\t\t<\/div>\n\t\t<\/div>\n\t\t\t\t<div class=\"elementor-column elementor-col-25 elementor-top-column elementor-element elementor-element-eaddaee\" data-id=\"eaddaee\" data-element_type=\"column\" data-e-type=\"column\">\n\t\t\t<div class=\"elementor-widget-wrap elementor-element-populated\">\n\t\t\t\t\t\t<div class=\"elementor-element elementor-element-49cfaa1 elementor-widget elementor-widget-image\" data-id=\"49cfaa1\" data-element_type=\"widget\" data-e-type=\"widget\" data-widget_type=\"image.default\">\n\t\t\t\t<div class=\"elementor-widget-container\">\n\t\t\t\t\t\t\t\t\t\t\t\t\t\t\t<img decoding=\"async\" width=\"150\" height=\"150\" src=\"https:\/\/sheskillsglobal.ch\/wp-content\/uploads\/2024\/12\/Pfad-8607.svg\" class=\"attachment-thumbnail size-thumbnail wp-image-21455\" alt=\"\" style=\"width:100%;height:100%;max-width:38px\" \/>\t\t\t\t\t\t\t\t\t\t\t\t\t\t\t<\/div>\n\t\t\t\t<\/div>\n\t\t\t\t\t<\/div>\n\t\t<\/div>\n\t\t\t\t<div class=\"elementor-column elementor-col-25 elementor-top-column elementor-element elementor-element-94791d1\" data-id=\"94791d1\" data-element_type=\"column\" data-e-type=\"column\">\n\t\t\t<div class=\"elementor-widget-wrap elementor-element-populated\">\n\t\t\t\t\t\t<div class=\"elementor-element elementor-element-5272636 elementor-widget elementor-widget-heading\" data-id=\"5272636\" data-element_type=\"widget\" data-e-type=\"widget\" data-widget_type=\"heading.default\">\n\t\t\t\t<div class=\"elementor-widget-container\">\n\t\t\t\t\t<h2 class=\"elementor-heading-title elementor-size-default\">This isfor testing svgs<\/h2>\t\t\t\t<\/div>\n\t\t\t\t<\/div>\n\t\t\t\t\t<\/div>\n\t\t<\/div>\n\t\t\t\t\t<\/div>\n\t\t<\/section>\n\t\t\t\t<section class=\"elementor-section elementor-top-section elementor-element elementor-element-0f2ae70 elementor-section-boxed elementor-section-height-default elementor-section-height-default\" data-id=\"0f2ae70\" data-element_type=\"section\" data-e-type=\"section\">\n\t\t\t\t\t\t<div class=\"elementor-container elementor-column-gap-default\">\n\t\t\t\t\t<div class=\"elementor-column elementor-col-100 elementor-top-column elementor-element elementor-element-57410dd\" data-id=\"57410dd\" data-element_type=\"column\" data-e-type=\"column\">\n\t\t\t<div class=\"elementor-widget-wrap elementor-element-populated\">\n\t\t\t\t\t\t<div class=\"elementor-element elementor-element-cf7dbbc elementor-widget elementor-widget-heading\" data-id=\"cf7dbbc\" data-element_type=\"widget\" data-e-type=\"widget\" data-widget_type=\"heading.default\">\n\t\t\t\t<div class=\"elementor-widget-container\">\n\t\t\t\t\t<p class=\"elementor-heading-title elementor-size-default\"> F\u00fcgen Sie hier Ihren \u00dcberschriftentext hinzu. F\u00fcgen Sie hier Ihren \u00dcberschriftentext hinzu. F\u00fcgen Sie hier Ihren \u00dcberschriftentext hinzu. F\u00fcgen Sie hier Ihren \u00dcberschriftentext hinzu<\/p>\t\t\t\t<\/div>\n\t\t\t\t<\/div>\n\t\t\t\t\t<\/div>\n\t\t<\/div>\n\t\t\t\t\t<\/div>\n\t\t<\/section>\n\t\t\t\t<\/div>\n\t\t","protected":false},"excerpt":{"rendered":"<p>This isfor testing svgs F\u00fcgen Sie hier Ihren \u00dcberschriftentext hinzu. F\u00fcgen Sie hier Ihren \u00dcberschriftentext hinzu. F\u00fcgen Sie hier Ihren \u00dcberschriftentext hinzu. F\u00fcgen Sie hier Ihren \u00dcberschriftentext hinzu<\/p>\n","protected":false},"author":51,"featured_media":0,"parent":0,"menu_order":0,"comment_status":"closed","ping_status":"closed","template":"","meta":{"_acf_changed":false,"inline_featured_image":false,"footnotes":""},"class_list":["post-24095","page","type-page","status-publish","hentry","entry"],"acf":[],"yoast_head":"<!-- This site is optimized with the Yoast SEO plugin v27.4 - https:\/\/yoast.com\/product\/yoast-seo-wordpress\/ -->\n<title>Test - SheSkillzGlobal<\/title>\n<meta name=\"robots\" content=\"index, follow, max-snippet:-1, max-image-preview:large, max-video-preview:-1\" \/>\n<link rel=\"canonical\" href=\"https:\/\/sheskillsglobal.ch\/de\/test\/\" \/>\n<meta property=\"og:locale\" content=\"de_DE\" \/>\n<meta property=\"og:type\" content=\"article\" \/>\n<meta property=\"og:title\" content=\"Test - SheSkillzGlobal\" \/>\n<meta property=\"og:description\" content=\"This isfor testing svgs F\u00fcgen Sie hier Ihren \u00dcberschriftentext hinzu. F\u00fcgen Sie hier Ihren \u00dcberschriftentext hinzu. F\u00fcgen Sie hier Ihren \u00dcberschriftentext hinzu. F\u00fcgen Sie hier Ihren \u00dcberschriftentext hinzu\" \/>\n<meta property=\"og:url\" content=\"https:\/\/sheskillsglobal.ch\/de\/test\/\" \/>\n<meta property=\"og:site_name\" content=\"SheSkillzGlobal\" \/>\n<meta property=\"article:modified_time\" content=\"2024-12-19T06:35:29+00:00\" \/>\n<meta property=\"og:image\" content=\"https:\/\/sheskillsglobal.ch\/wp-content\/uploads\/2024\/08\/Frame-4.svg\" \/>\n<meta name=\"twitter:card\" content=\"summary_large_image\" \/>\n<script type=\"application\/ld+json\" class=\"yoast-schema-graph\">{\"@context\":\"https:\\\/\\\/schema.org\",\"@graph\":[{\"@type\":\"WebPage\",\"@id\":\"https:\\\/\\\/sheskillsglobal.ch\\\/de\\\/test\\\/\",\"url\":\"https:\\\/\\\/sheskillsglobal.ch\\\/de\\\/test\\\/\",\"name\":\"Test - SheSkillzGlobal\",\"isPartOf\":{\"@id\":\"https:\\\/\\\/sheskillsglobal.ch\\\/de\\\/#website\"},\"primaryImageOfPage\":{\"@id\":\"https:\\\/\\\/sheskillsglobal.ch\\\/de\\\/test\\\/#primaryimage\"},\"image\":{\"@id\":\"https:\\\/\\\/sheskillsglobal.ch\\\/de\\\/test\\\/#primaryimage\"},\"thumbnailUrl\":\"https:\\\/\\\/sheskillsglobal.ch\\\/wp-content\\\/uploads\\\/2024\\\/08\\\/Frame-4.svg\",\"datePublished\":\"2024-11-05T14:05:18+00:00\",\"dateModified\":\"2024-12-19T06:35:29+00:00\",\"breadcrumb\":{\"@id\":\"https:\\\/\\\/sheskillsglobal.ch\\\/de\\\/test\\\/#breadcrumb\"},\"inLanguage\":\"de\",\"potentialAction\":[{\"@type\":\"ReadAction\",\"target\":[\"https:\\\/\\\/sheskillsglobal.ch\\\/de\\\/test\\\/\"]}]},{\"@type\":\"ImageObject\",\"inLanguage\":\"de\",\"@id\":\"https:\\\/\\\/sheskillsglobal.ch\\\/de\\\/test\\\/#primaryimage\",\"url\":\"https:\\\/\\\/sheskillsglobal.ch\\\/wp-content\\\/uploads\\\/2024\\\/08\\\/Frame-4.svg\",\"contentUrl\":\"https:\\\/\\\/sheskillsglobal.ch\\\/wp-content\\\/uploads\\\/2024\\\/08\\\/Frame-4.svg\"},{\"@type\":\"BreadcrumbList\",\"@id\":\"https:\\\/\\\/sheskillsglobal.ch\\\/de\\\/test\\\/#breadcrumb\",\"itemListElement\":[{\"@type\":\"ListItem\",\"position\":1,\"name\":\"Home\",\"item\":\"https:\\\/\\\/sheskillsglobal.ch\\\/de\\\/\"},{\"@type\":\"ListItem\",\"position\":2,\"name\":\"Test\"}]},{\"@type\":\"WebSite\",\"@id\":\"https:\\\/\\\/sheskillsglobal.ch\\\/de\\\/#website\",\"url\":\"https:\\\/\\\/sheskillsglobal.ch\\\/de\\\/\",\"name\":\"SheSkillzGlobal\",\"description\":\"Owned by Johnsenskillz AG\",\"potentialAction\":[{\"@type\":\"SearchAction\",\"target\":{\"@type\":\"EntryPoint\",\"urlTemplate\":\"https:\\\/\\\/sheskillsglobal.ch\\\/de\\\/?s={search_term_string}\"},\"query-input\":{\"@type\":\"PropertyValueSpecification\",\"valueRequired\":true,\"valueName\":\"search_term_string\"}}],\"inLanguage\":\"de\"}]}<\/script>\n<!-- \/ Yoast SEO plugin. -->","yoast_head_json":{"title":"Test - SheSkillzGlobal","robots":{"index":"index","follow":"follow","max-snippet":"max-snippet:-1","max-image-preview":"max-image-preview:large","max-video-preview":"max-video-preview:-1"},"canonical":"https:\/\/sheskillsglobal.ch\/de\/test\/","og_locale":"de_DE","og_type":"article","og_title":"Test - SheSkillzGlobal","og_description":"This isfor testing svgs F\u00fcgen Sie hier Ihren \u00dcberschriftentext hinzu. F\u00fcgen Sie hier Ihren \u00dcberschriftentext hinzu. F\u00fcgen Sie hier Ihren \u00dcberschriftentext hinzu. F\u00fcgen Sie hier Ihren \u00dcberschriftentext hinzu","og_url":"https:\/\/sheskillsglobal.ch\/de\/test\/","og_site_name":"SheSkillzGlobal","article_modified_time":"2024-12-19T06:35:29+00:00","og_image":[{"url":"https:\/\/sheskillsglobal.ch\/wp-content\/uploads\/2024\/08\/Frame-4.svg","type":"","width":"","height":""}],"twitter_card":"summary_large_image","schema":{"@context":"https:\/\/schema.org","@graph":[{"@type":"WebPage","@id":"https:\/\/sheskillsglobal.ch\/de\/test\/","url":"https:\/\/sheskillsglobal.ch\/de\/test\/","name":"Test - SheSkillzGlobal","isPartOf":{"@id":"https:\/\/sheskillsglobal.ch\/de\/#website"},"primaryImageOfPage":{"@id":"https:\/\/sheskillsglobal.ch\/de\/test\/#primaryimage"},"image":{"@id":"https:\/\/sheskillsglobal.ch\/de\/test\/#primaryimage"},"thumbnailUrl":"https:\/\/sheskillsglobal.ch\/wp-content\/uploads\/2024\/08\/Frame-4.svg","datePublished":"2024-11-05T14:05:18+00:00","dateModified":"2024-12-19T06:35:29+00:00","breadcrumb":{"@id":"https:\/\/sheskillsglobal.ch\/de\/test\/#breadcrumb"},"inLanguage":"de","potentialAction":[{"@type":"ReadAction","target":["https:\/\/sheskillsglobal.ch\/de\/test\/"]}]},{"@type":"ImageObject","inLanguage":"de","@id":"https:\/\/sheskillsglobal.ch\/de\/test\/#primaryimage","url":"https:\/\/sheskillsglobal.ch\/wp-content\/uploads\/2024\/08\/Frame-4.svg","contentUrl":"https:\/\/sheskillsglobal.ch\/wp-content\/uploads\/2024\/08\/Frame-4.svg"},{"@type":"BreadcrumbList","@id":"https:\/\/sheskillsglobal.ch\/de\/test\/#breadcrumb","itemListElement":[{"@type":"ListItem","position":1,"name":"Home","item":"https:\/\/sheskillsglobal.ch\/de\/"},{"@type":"ListItem","position":2,"name":"Test"}]},{"@type":"WebSite","@id":"https:\/\/sheskillsglobal.ch\/de\/#website","url":"https:\/\/sheskillsglobal.ch\/de\/","name":"SheSkillzGlobal","description":"Owned by Johnsenskillz AG","potentialAction":[{"@type":"SearchAction","target":{"@type":"EntryPoint","urlTemplate":"https:\/\/sheskillsglobal.ch\/de\/?s={search_term_string}"},"query-input":{"@type":"PropertyValueSpecification","valueRequired":true,"valueName":"search_term_string"}}],"inLanguage":"de"}]}},"wpml_translations":{"canonical_id":"118334","translations":{"de":{"id":"24095","slug":"test","link":"https:\/\/sheskillsglobal.ch\/de\/test\/"},"fr":{"id":"24097","slug":"test","link":"https:\/\/sheskillsglobal.ch\/fr\/test\/"}}},"_links":{"self":[{"href":"https:\/\/sheskillsglobal.ch\/de\/wp-json\/wp\/v2\/pages\/24095","targetHints":{"allow":["GET"]}}],"collection":[{"href":"https:\/\/sheskillsglobal.ch\/de\/wp-json\/wp\/v2\/pages"}],"about":[{"href":"https:\/\/sheskillsglobal.ch\/de\/wp-json\/wp\/v2\/types\/page"}],"author":[{"embeddable":true,"href":"https:\/\/sheskillsglobal.ch\/de\/wp-json\/wp\/v2\/users\/51"}],"replies":[{"embeddable":true,"href":"https:\/\/sheskillsglobal.ch\/de\/wp-json\/wp\/v2\/comments?post=24095"}],"version-history":[{"count":4,"href":"https:\/\/sheskillsglobal.ch\/de\/wp-json\/wp\/v2\/pages\/24095\/revisions"}],"predecessor-version":[{"id":25764,"href":"https:\/\/sheskillsglobal.ch\/de\/wp-json\/wp\/v2\/pages\/24095\/revisions\/25764"}],"wp:attachment":[{"href":"https:\/\/sheskillsglobal.ch\/de\/wp-json\/wp\/v2\/media?parent=24095"}],"curies":[{"name":"wp","href":"https:\/\/api.w.org\/{rel}","templated":true}]}}